{"id":101782,"date":"2025-11-05T04:58:28","date_gmt":"2025-11-05T09:58:28","guid":{"rendered":"https:\/\/queonnda.com\/?page_id=101782"},"modified":"2025-11-11T14:32:34","modified_gmt":"2025-11-11T19:32:34","slug":"contact-us","status":"publish","type":"page","link":"https:\/\/queonnda.com\/en\/boston\/contest\/contact-us\/","title":{"rendered":"Contact us"},"content":{"rendered":"\t\t<div data-elementor-type=\"wp-page\" data-elementor-id=\"101782\" class=\"elementor elementor-101782 elementor-101738\" data-elementor-post-type=\"page\">\n\t\t\t\t<div class=\"elementor-element elementor-element-fdfa53c e-flex e-con-boxed e-con e-parent\" data-id=\"fdfa53c\" data-element_type=\"container\" data-e-type=\"container\" data-settings=\"{&quot;background_background&quot;:&quot;gradient&quot;}\">\n\t\t\t\t\t<div class=\"e-con-inner\">\n\t\t\t\t<div class=\"elementor-element elementor-element-67135b1 elementor-widget elementor-widget-foxiz-heading\" data-id=\"67135b1\" data-element_type=\"widget\" data-e-type=\"widget\" data-widget_type=\"foxiz-heading.default\">\n\t\t\t\t<div class=\"elementor-widget-container\">\n\t\t\t\t\t<div id=\"uid_67135b1\" class=\"block-h heading-layout-c10\"><div class=\"heading-inner\"><h1 class=\"heading-title\"><span>Cont\u00e1ctenos<\/span><\/h1><\/div><\/div>\t\t\t\t<\/div>\n\t\t\t\t<\/div>\n\t\t\t\t<div class=\"elementor-element elementor-element-19d5050 elementor-widget__width-initial elementor-widget elementor-widget-text-editor\" data-id=\"19d5050\" data-element_type=\"widget\" data-e-type=\"widget\" data-widget_type=\"text-editor.default\">\n\t\t\t\t<div class=\"elementor-widget-container\">\n\t\t\t\t\t\t\t\t\t<p>\u00bfTienes preguntas o quieres conectarte con nosotros en la capital de la naci\u00f3n? \u00a1Env\u00edanos un mensaje! Estamos aqu\u00ed para ayudarte y nos encantar\u00eda saber de ti.<\/p>\t\t\t\t\t\t\t\t<\/div>\n\t\t\t\t<\/div>\n\t\t\t\t<div class=\"elementor-element elementor-element-5912755 elementor-widget elementor-widget-shortcode\" data-id=\"5912755\" data-element_type=\"widget\" data-e-type=\"widget\" data-widget_type=\"shortcode.default\">\n\t\t\t\t<div class=\"elementor-widget-container\">\n\t\t\t\t\t\t\t<div class=\"elementor-shortcode\">\n<div class=\"wpcf7 no-js\" id=\"wpcf7-f104848-o1\" lang=\"en-US\" dir=\"ltr\" data-wpcf7-id=\"104848\">\n<div class=\"screen-reader-response\"><p role=\"status\" aria-live=\"polite\" aria-atomic=\"true\"><\/p> <ul><\/ul><\/div>\n<form action=\"\/en\/wp-json\/wp\/v2\/pages\/101782#wpcf7-f104848-o1\" method=\"post\" class=\"wpcf7-form init\" aria-label=\"Contact form\" novalidate=\"novalidate\" data-status=\"init\">\n<fieldset class=\"hidden-fields-container\"><input type=\"hidden\" name=\"_wpcf7\" value=\"104848\" \/><input type=\"hidden\" name=\"_wpcf7_version\" value=\"6.1.5\" \/><input type=\"hidden\" name=\"_wpcf7_locale\" value=\"en_US\" \/><input type=\"hidden\" name=\"_wpcf7_unit_tag\" value=\"wpcf7-f104848-o1\" \/><input type=\"hidden\" name=\"_wpcf7_container_post\" value=\"0\" \/><input type=\"hidden\" name=\"_wpcf7_posted_data_hash\" value=\"\" \/><input type=\"hidden\" name=\"_wpcf7_recaptcha_response\" value=\"\" \/>\n<\/fieldset>\n<div class=\"namefield\">\n<div class=\"input-col-2 is-input-border\">\n<label> First name\n    <span class=\"wpcf7-form-control-wrap\" data-name=\"your-name\"><input size=\"40\" maxlength=\"400\" class=\"wpcf7-form-control wpcf7-text wpcf7-validates-as-required\" autocomplete=\"name\" aria-required=\"true\" aria-invalid=\"false\" value=\"\" type=\"text\" name=\"your-name\" \/><\/span> <\/label>\n<\/div>\n\n<div class=\"input-col-2 is-input-border\">\n<label> Last name\n    <span class=\"wpcf7-form-control-wrap\" data-name=\"your-name\"><input size=\"40\" maxlength=\"400\" class=\"wpcf7-form-control wpcf7-text wpcf7-validates-as-required\" autocomplete=\"name\" aria-required=\"true\" aria-invalid=\"false\" value=\"\" type=\"text\" name=\"your-name\" \/><\/span> <\/label>\n<\/div>\n<\/div>\n\n<div class=\"input-col-1 is-input-border\">\n<label> Your email\n    <span class=\"wpcf7-form-control-wrap\" data-name=\"your-email\"><input size=\"40\" maxlength=\"400\" class=\"wpcf7-form-control wpcf7-email wpcf7-validates-as-required wpcf7-text wpcf7-validates-as-email\" autocomplete=\"email\" aria-required=\"true\" aria-invalid=\"false\" value=\"\" type=\"email\" name=\"your-email\" \/><\/span> <\/label>\n<\/div>\n\n<div class=\"phone-number\">\n<label> Your Phone\n <span class=\"wpcf7-form-control-wrap\" data-name=\"phonetext-776\"><input size=\"40\" class=\"wpcf7-form-control wpcf7-phonetext wpcf7-text wpcf7-validates-as-phonetext\" aria-invalid=\"false\" value=\"\" type=\"text\" name=\"phonetext-776\" \/><input type=\"hidden\" name=\"phonetext-776-country-code\" class=\"wpcf7-phonetext-country-code\" \/><\/span><\/label>\n<\/div>\n\n<label>  Your Message:\n    <span class=\"wpcf7-form-control-wrap\" data-name=\"your-message\"><textarea cols=\"40\" rows=\"10\" maxlength=\"2000\" class=\"wpcf7-form-control wpcf7-textarea\" aria-invalid=\"false\" name=\"your-message\"><\/textarea><\/span> <\/label>\n\n\n<input class=\"wpcf7-form-control wpcf7-submit has-spinner\" type=\"submit\" value=\"Submit\" \/><p style=\"display: none !important;\" class=\"akismet-fields-container\" data-prefix=\"_wpcf7_ak_\"><label>&#916;<textarea name=\"_wpcf7_ak_hp_textarea\" cols=\"45\" rows=\"8\" maxlength=\"100\"><\/textarea><\/label><input type=\"hidden\" id=\"ak_js_1\" name=\"_wpcf7_ak_js\" value=\"191\"\/><script>document.getElementById( \"ak_js_1\" ).setAttribute( \"value\", ( new Date() ).getTime() );<\/script><\/p><div class=\"wpcf7-response-output\" aria-hidden=\"true\"><\/div>\n<\/form>\n<\/div>\n<\/div>\n\t\t\t\t\t\t<\/div>\n\t\t\t\t<\/div>\n\t\t\t\t\t<\/div>\n\t\t\t\t<\/div>\n\t\t\t\t<\/div>\n\t\t","protected":false},"excerpt":{"rendered":"<p>Cont\u00e1ctenos \u00bfTienes preguntas o quieres conectarte con nosotros en la capital de la naci\u00f3n? \u00a1Env\u00edanos un mensaje! Estamos aqu\u00ed para ayudarte y nos encantar\u00eda saber de ti.<\/p>\n","protected":false},"author":25,"featured_media":0,"parent":101780,"menu_order":0,"comment_status":"closed","ping_status":"closed","template":"","meta":{"inline_featured_image":false,"footnotes":""},"class_list":["post-101782","page","type-page","status-publish"],"yoast_head":"<!-- This site is optimized with the Yoast SEO Premium plugin v27.0 (Yoast SEO v27.2) - https:\/\/yoast.com\/product\/yoast-seo-premium-wordpress\/ -->\n<title>Contact us - QueOnnda<\/title>\n<meta name=\"robots\" content=\"index, follow, max-snippet:-1, max-image-preview:large, max-video-preview:-1\" \/>\n<link rel=\"canonical\" href=\"https:\/\/queonnda.com\/en\/boston\/contest\/contact-us\/\" \/>\n<meta property=\"og:locale\" content=\"en_US\" \/>\n<meta property=\"og:type\" content=\"article\" \/>\n<meta property=\"og:title\" content=\"Contact us\" \/>\n<meta property=\"og:description\" content=\"Cont\u00e1ctenos \u00bfTienes preguntas o quieres conectarte con nosotros en la capital de la naci\u00f3n? \u00a1Env\u00edanos un mensaje! Estamos aqu\u00ed para ayudarte y nos encantar\u00eda saber de ti.\" \/>\n<meta property=\"og:url\" content=\"https:\/\/queonnda.com\/en\/boston\/contest\/contact-us\/\" \/>\n<meta property=\"og:site_name\" content=\"QueOnnda\" \/>\n<meta property=\"article:publisher\" content=\"https:\/\/web.facebook.com\/queonnda.nueva\" \/>\n<meta property=\"article:modified_time\" content=\"2025-11-11T19:32:34+00:00\" \/>\n<meta name=\"twitter:card\" content=\"summary_large_image\" \/>\n<meta name=\"twitter:label1\" content=\"Est. reading time\" \/>\n\t<meta name=\"twitter:data1\" content=\"1 minute\" \/>\n<script type=\"application\/ld+json\" class=\"yoast-schema-graph\">{\"@context\":\"https:\/\/schema.org\",\"@graph\":[{\"@type\":\"WebPage\",\"@id\":\"https:\/\/queonnda.com\/en\/boston\/contest\/contact-us\/\",\"url\":\"https:\/\/queonnda.com\/en\/boston\/contest\/contact-us\/\",\"name\":\"Contact us - QueOnnda\",\"isPartOf\":{\"@id\":\"https:\/\/queonnda.com\/#website\"},\"datePublished\":\"2025-11-05T09:58:28+00:00\",\"dateModified\":\"2025-11-11T19:32:34+00:00\",\"breadcrumb\":{\"@id\":\"https:\/\/queonnda.com\/en\/boston\/contest\/contact-us\/#breadcrumb\"},\"inLanguage\":\"en-US\",\"potentialAction\":[{\"@type\":\"ReadAction\",\"target\":[\"https:\/\/queonnda.com\/en\/boston\/contest\/contact-us\/\"]}]},{\"@type\":\"BreadcrumbList\",\"@id\":\"https:\/\/queonnda.com\/en\/boston\/contest\/contact-us\/#breadcrumb\",\"itemListElement\":[{\"@type\":\"ListItem\",\"position\":1,\"name\":\"Home\",\"item\":\"https:\/\/queonnda.com\/en\/\"},{\"@type\":\"ListItem\",\"position\":2,\"name\":\"QueOnnda Boston\",\"item\":\"https:\/\/queonnda.com\/en\/boston\/\"},{\"@type\":\"ListItem\",\"position\":3,\"name\":\"Contest\",\"item\":\"https:\/\/queonnda.com\/en\/boston\/contest\/\"},{\"@type\":\"ListItem\",\"position\":4,\"name\":\"Contact us\"}]},{\"@type\":\"WebSite\",\"@id\":\"https:\/\/queonnda.com\/#website\",\"url\":\"https:\/\/queonnda.com\/\",\"name\":\"QueOnnda\",\"description\":\"Plataforma audio-digital sin precedentes que revolucionar\u00e1 la forma en que las audiencias latinas interact\u00faan con los medios\",\"publisher\":{\"@id\":\"https:\/\/queonnda.com\/#organization\"},\"potentialAction\":[{\"@type\":\"SearchAction\",\"target\":{\"@type\":\"EntryPoint\",\"urlTemplate\":\"https:\/\/queonnda.com\/?s={search_term_string}\"},\"query-input\":{\"@type\":\"PropertyValueSpecification\",\"valueRequired\":true,\"valueName\":\"search_term_string\"}}],\"inLanguage\":\"en-US\"},{\"@type\":\"Organization\",\"@id\":\"https:\/\/queonnda.com\/#organization\",\"name\":\"QueOnnda\",\"url\":\"https:\/\/queonnda.com\/\",\"logo\":{\"@type\":\"ImageObject\",\"inLanguage\":\"en-US\",\"@id\":\"https:\/\/queonnda.com\/#\/schema\/logo\/image\/\",\"url\":\"https:\/\/queonnda.com\/wp-content\/uploads\/2025\/03\/Logo_QueOnnda_Color.svg\",\"contentUrl\":\"https:\/\/queonnda.com\/wp-content\/uploads\/2025\/03\/Logo_QueOnnda_Color.svg\",\"width\":651,\"height\":103,\"caption\":\"QueOnnda\"},\"image\":{\"@id\":\"https:\/\/queonnda.com\/#\/schema\/logo\/image\/\"},\"sameAs\":[\"https:\/\/web.facebook.com\/queonnda.nueva\",\"https:\/\/www.instagram.com\/queonnda.nueva\/\",\"https:\/\/www.youtube.com\/@queonnda\",\"https:\/\/tiktok.com\/@queonnda.nueva\"]}]}<\/script>\n<!-- \/ Yoast SEO Premium plugin. -->","yoast_head_json":{"title":"Contact us - QueOnnda","robots":{"index":"index","follow":"follow","max-snippet":"max-snippet:-1","max-image-preview":"max-image-preview:large","max-video-preview":"max-video-preview:-1"},"canonical":"https:\/\/queonnda.com\/en\/boston\/contest\/contact-us\/","og_locale":"en_US","og_type":"article","og_title":"Contact us","og_description":"Cont\u00e1ctenos \u00bfTienes preguntas o quieres conectarte con nosotros en la capital de la naci\u00f3n? \u00a1Env\u00edanos un mensaje! Estamos aqu\u00ed para ayudarte y nos encantar\u00eda saber de ti.","og_url":"https:\/\/queonnda.com\/en\/boston\/contest\/contact-us\/","og_site_name":"QueOnnda","article_publisher":"https:\/\/web.facebook.com\/queonnda.nueva","article_modified_time":"2025-11-11T19:32:34+00:00","twitter_card":"summary_large_image","twitter_misc":{"Est. reading time":"1 minute"},"schema":{"@context":"https:\/\/schema.org","@graph":[{"@type":"WebPage","@id":"https:\/\/queonnda.com\/en\/boston\/contest\/contact-us\/","url":"https:\/\/queonnda.com\/en\/boston\/contest\/contact-us\/","name":"Contact us - QueOnnda","isPartOf":{"@id":"https:\/\/queonnda.com\/#website"},"datePublished":"2025-11-05T09:58:28+00:00","dateModified":"2025-11-11T19:32:34+00:00","breadcrumb":{"@id":"https:\/\/queonnda.com\/en\/boston\/contest\/contact-us\/#breadcrumb"},"inLanguage":"en-US","potentialAction":[{"@type":"ReadAction","target":["https:\/\/queonnda.com\/en\/boston\/contest\/contact-us\/"]}]},{"@type":"BreadcrumbList","@id":"https:\/\/queonnda.com\/en\/boston\/contest\/contact-us\/#breadcrumb","itemListElement":[{"@type":"ListItem","position":1,"name":"Home","item":"https:\/\/queonnda.com\/en\/"},{"@type":"ListItem","position":2,"name":"QueOnnda Boston","item":"https:\/\/queonnda.com\/en\/boston\/"},{"@type":"ListItem","position":3,"name":"Contest","item":"https:\/\/queonnda.com\/en\/boston\/contest\/"},{"@type":"ListItem","position":4,"name":"Contact us"}]},{"@type":"WebSite","@id":"https:\/\/queonnda.com\/#website","url":"https:\/\/queonnda.com\/","name":"QueOnnda","description":"Plataforma audio-digital sin precedentes que revolucionar\u00e1 la forma en que las audiencias latinas interact\u00faan con los medios","publisher":{"@id":"https:\/\/queonnda.com\/#organization"},"potentialAction":[{"@type":"SearchAction","target":{"@type":"EntryPoint","urlTemplate":"https:\/\/queonnda.com\/?s={search_term_string}"},"query-input":{"@type":"PropertyValueSpecification","valueRequired":true,"valueName":"search_term_string"}}],"inLanguage":"en-US"},{"@type":"Organization","@id":"https:\/\/queonnda.com\/#organization","name":"QueOnnda","url":"https:\/\/queonnda.com\/","logo":{"@type":"ImageObject","inLanguage":"en-US","@id":"https:\/\/queonnda.com\/#\/schema\/logo\/image\/","url":"https:\/\/queonnda.com\/wp-content\/uploads\/2025\/03\/Logo_QueOnnda_Color.svg","contentUrl":"https:\/\/queonnda.com\/wp-content\/uploads\/2025\/03\/Logo_QueOnnda_Color.svg","width":651,"height":103,"caption":"QueOnnda"},"image":{"@id":"https:\/\/queonnda.com\/#\/schema\/logo\/image\/"},"sameAs":["https:\/\/web.facebook.com\/queonnda.nueva","https:\/\/www.instagram.com\/queonnda.nueva\/","https:\/\/www.youtube.com\/@queonnda","https:\/\/tiktok.com\/@queonnda.nueva"]}]}},"_links":{"self":[{"href":"https:\/\/queonnda.com\/en\/wp-json\/wp\/v2\/pages\/101782","targetHints":{"allow":["GET"]}}],"collection":[{"href":"https:\/\/queonnda.com\/en\/wp-json\/wp\/v2\/pages"}],"about":[{"href":"https:\/\/queonnda.com\/en\/wp-json\/wp\/v2\/types\/page"}],"author":[{"embeddable":true,"href":"https:\/\/queonnda.com\/en\/wp-json\/wp\/v2\/users\/25"}],"replies":[{"embeddable":true,"href":"https:\/\/queonnda.com\/en\/wp-json\/wp\/v2\/comments?post=101782"}],"version-history":[{"count":0,"href":"https:\/\/queonnda.com\/en\/wp-json\/wp\/v2\/pages\/101782\/revisions"}],"up":[{"embeddable":true,"href":"https:\/\/queonnda.com\/en\/wp-json\/wp\/v2\/pages\/101780"}],"wp:attachment":[{"href":"https:\/\/queonnda.com\/en\/wp-json\/wp\/v2\/media?parent=101782"}],"curies":[{"name":"wp","href":"https:\/\/api.w.org\/{rel}","templated":true}]}}